{"id":12,"date":"2014-09-24T15:15:18","date_gmt":"2014-09-24T15:15:18","guid":{"rendered":"http:\/\/jlino.pt\/?page_id=12"},"modified":"2022-12-06T22:30:15","modified_gmt":"2022-12-06T22:30:15","slug":"contatos","status":"publish","type":"page","link":"https:\/\/jlino.pt\/?page_id=12","title":{"rendered":"Lojas e Contatos"},"content":{"rendered":"<div class=\"wpb-content-wrapper\"><p>[vc_row][vc_column width=&#8221;1\/3&#8243;][vc_custom_heading text=&#8221;Loja Sede&#8221; use_theme_fonts=&#8221;yes&#8221;][vc_column_text]Rua Dr. Vitorino de S\u00e1, 31 \u2013 Lojas 2-4<\/p>\n<p>4520-223 Santa Maria da Feira<\/p>\n<p><strong>Tel.: 256 364 030<\/strong><\/p>\n<p>(Chamada para rede fixa nacional. O custo das comunica\u00e7\u00f5es depende do tarif\u00e1rio acordado com o seu operador.)[\/vc_column_text][\/vc_column][vc_column width=&#8221;1\/3&#8243;][vc_custom_heading text=&#8221;Loja Filial&#8221; use_theme_fonts=&#8221;yes&#8221;][vc_column_text]Largo de St. Amaro<\/p>\n<p>3860 Beduido \u2013 Estarreja<\/p>\n<p><strong>Tel.: 234 849 876<\/strong><\/p>\n<p>(Chamada para rede fixa nacional. O custo das comunica\u00e7\u00f5es depende do tarif\u00e1rio acordado com o seu operador.)[\/vc_column_text][\/vc_column][vc_column width=&#8221;1\/3&#8243;][vc_custom_heading text=&#8221;Armaz\u00e9m \/ Exposi\u00e7\u00e3o&#8221; use_theme_fonts=&#8221;yes&#8221;][vc_column_text]Travessa do Monte, 7<\/p>\n<p>4520-205<\/p>\n<p>Santa Maria da Feira[\/vc_column_text][\/vc_column][\/vc_row][vc_row][vc_column width=&#8221;1\/3&#8243;][vc_separator style=&#8221;dotted&#8221; border_width=&#8221;2&#8243;][vc_gmaps link=&#8221;#E-8_JTNDaWZyYW1lJTIwc3JjJTNEJTIyaHR0cHMlM0ElMkYlMkZ3d3cuZ29vZ2xlLmNvbSUyRm1hcHMlMkZlbWJlZCUzRnBiJTNEJTIxMW0xNCUyMTFtOCUyMTFtMyUyMTFkMzAxNC41NjA0NzY3NjE0MSUyMTJkLTguNTQ0MDExJTIxM2Q0MC45MjUzODIlMjEzbTIlMjExaTEwMjQlMjEyaTc2OCUyMTRmMTMuMSUyMTNtMyUyMTFtMiUyMTFzMHhkMjM4MGUyMjMyNzJmOWQlMjUzQTB4YzA2M2MxY2Q4MzU0Njk5NiUyMTJzUi4lMjUyMERyLiUyNTIwVml0b3Jpbm8lMjUyMGRlJTI1MjBTJTI1QzMlMjVBMSUyNTIwMzElMjUyQyUyNTIwNDUyMC0yMTQlMjUyMFNhbnRhJTI1MjBNYXJpYSUyNTIwZGElMjUyMEZlaXJhJTIxNWUwJTIxM20yJTIxMXNlbiUyMTJzcHQlMjE0djE2MDU2NTE4OTQzNTglMjE1bTIlMjExc2VuJTIxMnNwdCUyMiUyMHdpZHRoJTNEJTIyNjAwJTIyJTIwaGVpZ2h0JTNEJTIyNDUwJTIyJTIwZnJhbWVib3JkZXIlM0QlMjIwJTIyJTIwc3R5bGUlM0QlMjJib3JkZXIlM0EwJTNCJTIyJTIwYWxsb3dmdWxsc2NyZWVuJTNEJTIyJTIyJTIwYXJpYS1oaWRkZW4lM0QlMjJmYWxzZSUyMiUyMHRhYmluZGV4JTNEJTIyMCUyMiUzRSUzQyUyRmlmcmFtZSUzRQ==&#8221;][\/vc_column][vc_column width=&#8221;1\/3&#8243;][vc_separator style=&#8221;dotted&#8221; border_width=&#8221;2&#8243;][vc_gmaps link=&#8221;#E-8_JTNDaWZyYW1lJTIwc3JjJTNEJTIyaHR0cHMlM0ElMkYlMkZ3d3cuZ29vZ2xlLmNvbSUyRm1hcHMlMkZlbWJlZCUzRnBiJTNEJTIxMW0xOCUyMTFtMTIlMjExbTMlMjExZDMwMjEuNTc5MDY5NTAyNjAyNiUyMTJkLTguNTU1Nzg0Nzg0MzQzMjA1JTIxM2Q0MC43NzEyODE5NDE5MjMwNiUyMTJtMyUyMTFmMCUyMTJmMCUyMTNmMCUyMTNtMiUyMTFpMTAyNCUyMTJpNzY4JTIxNGYxMy4xJTIxM20zJTIxMW0yJTIxMXMweGQyMzljOGRjMTg0MmNmYiUyNTNBMHhmMjAzZWY5YmEwYmMzMzZhJTIxMnNSLiUyNTIwZGUlMjUyMFNhbnRvJTI1MjBBbWFybyUyNTJDJTI1MjBFc3RhcnJlamElMjE1ZTAlMjEzbTIlMjExc2VuJTIxMnNwdCUyMTR2MTYwNTY1MTk3OTY0NiUyMTVtMiUyMTFzZW4lMjEyc3B0JTIyJTIwd2lkdGglM0QlMjI2MDAlMjIlMjBoZWlnaHQlM0QlMjI0NTAlMjIlMjBmcmFtZWJvcmRlciUzRCUyMjAlMjIlMjBzdHlsZSUzRCUyMmJvcmRlciUzQTAlM0IlMjIlMjBhbGxvd2Z1bGxzY3JlZW4lM0QlMjIlMjIlMjBhcmlhLWhpZGRlbiUzRCUyMmZhbHNlJTIyJTIwdGFiaW5kZXglM0QlMjIwJTIyJTNFJTNDJTJGaWZyYW1lJTNF&#8221;][\/vc_column][vc_column width=&#8221;1\/3&#8243;][vc_separator style=&#8221;dotted&#8221; border_width=&#8221;2&#8243;][\/vc_column][\/vc_row][vc_row disable_element=&#8221;yes&#8221;][vc_column][vc_custom_heading text=&#8221;Fa\u00e7a o seu primeiro contacto!&#8221; use_theme_fonts=&#8221;yes&#8221;][wpforms id=&#8221;530&#8243; title=&#8221;false&#8221; description=&#8221;false&#8221;][\/vc_column][\/vc_row]<\/p>\n<\/div>","protected":false},"excerpt":{"rendered":"<p>[vc_row][vc_column width=&#8221;1\/3&#8243;][vc_custom_heading text=&#8221;Loja Sede&#8221; use_theme_fonts=&#8221;yes&#8221;][vc_column_text]Rua Dr. Vitorino de S\u00e1, 31 \u2013 Lojas 2-4 4520-223 Santa Maria da Feira Tel.: 256<\/p>\n","protected":false},"author":1,"featured_media":0,"parent":0,"menu_order":0,"comment_status":"closed","ping_status":"closed","template":"","meta":{"footnotes":""},"class_list":["post-12","page","type-page","status-publish","hentry"],"_links":{"self":[{"href":"https:\/\/jlino.pt\/index.php?rest_route=\/wp\/v2\/pages\/12","targetHints":{"allow":["GET"]}}],"collection":[{"href":"https:\/\/jlino.pt\/index.php?rest_route=\/wp\/v2\/pages"}],"about":[{"href":"https:\/\/jlino.pt\/index.php?rest_route=\/wp\/v2\/types\/page"}],"author":[{"embeddable":true,"href":"https:\/\/jlino.pt\/index.php?rest_route=\/wp\/v2\/users\/1"}],"replies":[{"embeddable":true,"href":"https:\/\/jlino.pt\/index.php?rest_route=%2Fwp%2Fv2%2Fcomments&post=12"}],"version-history":[{"count":7,"href":"https:\/\/jlino.pt\/index.php?rest_route=\/wp\/v2\/pages\/12\/revisions"}],"predecessor-version":[{"id":716,"href":"https:\/\/jlino.pt\/index.php?rest_route=\/wp\/v2\/pages\/12\/revisions\/716"}],"wp:attachment":[{"href":"https:\/\/jlino.pt\/index.php?rest_route=%2Fwp%2Fv2%2Fmedia&parent=12"}],"curies":[{"name":"wp","href":"https:\/\/api.w.org\/{rel}","templated":true}]}}